{"id":5,"date":"2023-02-06T18:56:24","date_gmt":"2023-02-06T18:56:24","guid":{"rendered":"http:\/\/beanland.dk\/index.php\/mesmerize\/"},"modified":"2023-02-08T16:32:24","modified_gmt":"2023-02-08T16:32:24","slug":"mesmerize","status":"publish","type":"page","link":"https:\/\/beanland.dk\/","title":{"rendered":"Forside"},"content":{"rendered":"<div id=\"overlappable-1\" class=\"overlappable-4 content-section content-section-spacing\" style=\"background-color: #ffffff;\" data-label=\"Overlappable\" data-id=\"overlappable--1\" data-export-id=\"overlappable-4\" data-category=\"overlappable\" data-overlap=\"true\">\n<div class=\"gridContainer\">\n<div class=\"row spaced-cols text-center\" data-type=\"row\">\n<div class=\"col-xs-12 col-sm-4 col-padding\"><i class=\"fa icon shadow-large-black aligncenter color1 fa-money reverse round large\"><\/i>\n<div class=\"\" data-type=\"column\">\n<h5 class=\"\">FRA MILLION\u00c6R TIL?HVORDAN MAN G\u00c5R P\u00c5 R\u2026. UDEN AT SL\u00c5 NUMSEN.<\/h5>\n<p class=\"\">\u00a0I foredraget fort\u00e6ller jeg \u00e5bent og \u00e6rligt og med stor humor om mit livs op- og nedture.<\/p>\n<a class=\"link\" href=\"#foredrag\" target=\"_self\" rel=\"noopener\" data-cp-link=\"1\">Se foredrag<\/a>\n\n<\/div>\n<\/div>\n<div class=\"col-xs-12 col-sm-4 col-padding\"><i class=\"fa icon shadow-large-black aligncenter color1 fa-check reverse round large\"><\/i>\n<div class=\"\" data-type=\"column\">\n<h5 class=\"\">FIRS, FED OG F\u00c6RDIG- ELLER HVAD?<\/h5>\n<p class=\"\">Om at n\u00e6rme sig den \u201c4. alder\u201d!\nEn humoristisk filosoferen over det at blive gammel, pensioneret og FRI.<\/p>\n<a class=\"link\" href=\"#foredrag\" target=\"_self\" rel=\"noopener\" data-cp-link=\"1\">Se foredrag<\/a>\n\n<\/div>\n<\/div>\n<div class=\"col-xs-12 col-sm-4 col-padding\"><i class=\"fa icon shadow-large-black aligncenter color1 fa-smile-o reverse round large\"><\/i>\n<div class=\"\" data-type=\"column\">\n<h5 class=\"\">HVORFOR KEDE SIG IHJEL, N\u00c5R MAN KAN D\u00d8 AF GRIN, SAMMEN MED ANDRE?<\/h5>\n<p class=\"\">Hvad er humor? Kan den k\u00f8bes p\u00e5 tilbud? Hvad kan vi g\u00f8re for at f\u00e5 det sjovere?<\/p>\n<a class=\"link\" href=\"#foredrag\" target=\"_self\" rel=\"noopener\" data-cp-link=\"1\">Se foredrag<\/a>\n\n<\/div>\n<\/div>\n<\/div>\n<\/div>\n<\/div>\n<div id=\"dk4\" class=\"about-1 content-section\" style=\"background-color: #f5fafd;\" data-label=\"Dk4\" data-id=\"about--1\" data-export-id=\"about-1\" data-category=\"about\">\n<div class=\"gridContainer\">\n<div class=\"row text-center\">\n<div class=\"section-title-col\" data-type=\"column\">\n<h5 class=\"\">ANNEMARIE HOS INGER ST\u00d8JBERG<\/h5>\n<h2 class=\"\">M\u00f8d den bramfrie dame i en sp\u00e6ndende samtale,\u00a0<span style=\"font-weight: bold; font-family: Playfair Display,sans-serif; font-style: italic;\">der n\u00e5r n\u00e6sten verden rundt<\/span>\u00a0og helt frem til slutningen af livet<\/h2>\n<p class=\"lead\">\u201dHvor er du nu?\u201d er en programserien p\u00e5 DK4, hvor man m\u00f8der markante danskere, der var her, der og alle vegne, men som nu er kommet videre.<\/p>\n\n<\/div>\n<\/div>\n<div class=\"row\">\n<div class=\"button-holder space-bottom space-bottom-small\" data-type=\"column\"><a class=\"button color1\" href=\"https:\/\/www.dk4.dk\/mobil\/index.php\/item\/7752-hvor-er-du-nu-annemarie-hessellund-beanland\" target=\"_blank\" rel=\"noopener\" data-cp-link=\"1\">SE PROGRAMMET<\/a><\/div>\n<div class=\"\" data-type=\"column\"><\/div>\n<div class=\"col-xs bottom-xs flexbox image-group-bottom-3-img space-bottom-xs center-xs\">\n\n<div style=\"width: 426px;\" class=\"wp-video\"><video class=\"wp-video-shortcode\" id=\"video-5-1\" width=\"426\" height=\"240\" poster=\"https:\/\/beanland.dk\/wp-content\/uploads\/2023\/02\/video-baggrung-2.jpg\" preload=\"metadata\" controls=\"controls\"><source type=\"video\/mp4\" src=\"https:\/\/beanland.dk\/wp-content\/uploads\/2023\/02\/Facebook-video-371092328449430-1.mp4?_=1\" \/><a href=\"https:\/\/beanland.dk\/wp-content\/uploads\/2023\/02\/Facebook-video-371092328449430-1.mp4\">https:\/\/beanland.dk\/wp-content\/uploads\/2023\/02\/Facebook-video-371092328449430-1.mp4<\/a><\/video><\/div>\n\n<\/div>\n<\/div>\n<\/div>\n<\/div>\n<div id=\"om-annemarie\" class=\"about-images-right-section content-section content-section-spacing\" style=\"background-color: #ffffff; background-image: none;\" data-label=\"Om Annemarie\" data-id=\"about--2\" data-export-id=\"about-images-right-section\" data-category=\"about\">\n<div class=\"gridContainer\">\n<div class=\"row middle-sm text-center\">\n<div class=\"col-sm-5 content-left-sm\" data-type=\"column\">\n<h5 class=\"\">ANNEMARIE FORT\u00c6LLER \u00c5BENT OG \u00c6RLIGT<\/h5>\n<h2 class=\"\">I vuggegave fik jeg et lyst sind og\u00a0<span style=\"font-family: Playfair Display,sans-serif; font-weight: bold; font-style: italic;\">en privilegeret barndom\n<\/span>som tivoliprinsesse<\/h2>\n<p class=\"\">\u201cUngdoms\u00e5rene og de f\u00f8rste voksen\u00e5r tilbragte jeg i England, Tyskland og USA. Senere en tid som million\u00e6r, dern\u00e6st krokone p\u00e5 landet og er nu parat til at g\u00e5 nye veje og m\u00f8de nye udfordringer med en god portion livserfaring i bagagen.\u201d<\/p>\nAnnemarie er kendt fra aviser, ugeblade, radio, TV2, \u00c5rhus Lokal-TV og senest i TV-Danmarks \u201dS\u00e5dan set\u201d, hvor hun var den ene af to \u201dkloge koner\u201d fra Brabrand samt v\u00e6rt p\u00e5 \u201dDet \u00e6ldre \u00c5rhus\u201d ogs\u00e5 p\u00e5 TV-Danmark.\n\nHun er kendt som en livlig og sprudlende foredragsholder, og hendes foredrag er lettilg\u00e6ngelige og jordn\u00e6re, fordi de alle har grund i virkeligheden.\n\n<a class=\"button blue\" href=\"#kontakt\" target=\"_self\" rel=\"noopener\" data-cp-link=\"1\">RING OG H\u00d8R N\u00c6RMERE<\/a>\n\n<\/div>\n<div class=\"col-sm-7 space-bottom-xs\">\n<div class=\"image-group-side-3-img\"><img decoding=\"async\" class=\"topimg shadow-large\" title=\"annemarie-foredrag\" src=\"https:\/\/beanland.dk\/wp-content\/uploads\/2023\/02\/cropped-cropped-foredrag1.jpg\" alt=\"annemarieHB\" \/> <img decoding=\"async\" class=\"rightimg shadow-large\" title=\"AnneMarie_Beanland\" src=\"https:\/\/beanland.dk\/wp-content\/uploads\/2023\/02\/cropped-cropped-cropped-cropped-IMG_1367-e1675717537195.jpg\" alt=\"AnneMarie_Beanland2\" \/>\n<div class=\"leftimg\"><img decoding=\"async\" class=\"shadow-large\" title=\"annemarie\" src=\"https:\/\/beanland.dk\/wp-content\/uploads\/2023\/02\/cropped-annemarie-uden-1.png\" alt=\"annemarie-face\" \/><\/div>\n<\/div>\n<\/div>\n<\/div>\n<\/div>\n<\/div>\n<div id=\"foredrag\" class=\"features-13 content-section content-section-spacing\" style=\"background-color: #f5fafd; background-image: none;\" data-label=\"Foredrag\" data-id=\"features--1\" data-export-id=\"features-13-card-bordered\" data-category=\"features\">\n<div class=\"gridContainer\">\n<div class=\"row text-center\">\n<div class=\"section-title-col\" data-type=\"column\">\n<h2 class=\"\">Foredrag for en hver smag<\/h2>\n<p class=\"lead\">Med budskabet: Lev livet, mens du har det.<\/p>\n\n<\/div>\n<\/div>\n<div class=\"row spaced-cols content-center-sm\" data-type=\"row\">\n<div class=\"col-sm-4 col-md-3 \">\n<div class=\"card bordered y-move\" data-type=\"column\">\n<h4 class=\"\">FRA MILLION\u00c6R TIL? HVORDAN MAN G\u00c5R P\u00c5 R\u2026. UDEN AT SL\u00c5 NUMSEN.<\/h4>\n<p class=\"\" style=\"text-align: left;\">I foredraget fort\u00e6ller jeg \u00e5bent og \u00e6rligt og med stor humor om mit livs op- og nedture.<\/p>\n<p class=\"\" style=\"text-align: left;\">H\u00f8r, hvordan man mister sin formue p\u00e5 at virkeligg\u00f8re en dr\u00f8m om at blive krokone \u2013 og alligevel bevarer sit gode hum\u00f8r og store gl\u00e6de ved livet.<\/p>\n<p class=\"lead\">120 min.\nPris: 3500 kr. plus transport<\/p>\n\n<\/div>\n<\/div>\n<div class=\"col-sm-4 col-md-3 \">\n<div class=\"card bordered y-move\" data-type=\"column\">\n<h4 class=\"\">FIRS, FED OG F\u00c6RDIG- ELLER HVAD?<\/h4>\n<p class=\"lead\"><span style=\"color: #8e9dae; font-size: 16px;\">Om at n\u00e6rme sig den \u201c4. alder\u201d.<\/span><\/p>\n<p class=\"\" style=\"text-align: left;\">En humoristisk filosoferen over det at blive gammel, pensioneret og FRI.\nHvordan opfattes vi, det s\u00e5kaldte gr\u00e5 guld? Bliver vi \u201dusynlige\u201d n\u00e5r vi fylder 65? Book en underholdende eftermiddag.<\/p>\n<p class=\"lead\"><span style=\"font-size: 19.2px;\">90 min.\u00a0<\/span><span style=\"font-size: 19.2px;\">Pris: 3500 kr. plus transport\u00a0<\/span><\/p>\n\n<\/div>\n<\/div>\n<div class=\"col-sm-4 col-md-3 \">\n<div class=\"card bordered y-move\" data-type=\"column\">\n<h4 class=\"\">HVORFOR KEDE SIG IHJEL, N\u00c5R MAN KAN D\u00d8 AF GRIN SAMMEN MED ANDRE?<\/h4>\n<p class=\"\" style=\"text-align: left;\">Et foredrag om at f\u00e5 det meste ud af den tid vi har. Hvad er humor?<\/p>\n<p class=\"\">Kan den k\u00f8bes p\u00e5 tilbud? Er livet noget at grine af? Hvad kan vi g\u00f8re for at f\u00e5 det sjovere?<\/p>\n<p class=\"\" style=\"text-align: left;\">F\u00e5 fod p\u00e5 livet \u2013\nmed hele hovedet.<\/p>\n<p class=\"lead\"><span style=\"font-size: 19.2px;\">90 min.\u00a0<\/span><span style=\"font-size: 19.2px;\">Pris: 3500 kr. plus transport\u00a0<\/span><\/p>\n\n<\/div>\n<\/div>\n<div class=\"col-sm-4 col-md-3 \">\n<div class=\"card bordered y-move\" data-type=\"column\">\n<h4 class=\"\">EN GAMMEL KONES ERINDRINGER OM TIDEN FRA 1858.<\/h4>\n<p class=\"lead\"><span style=\"color: #8e9dae; font-size: 16px;\">L\u00e6st op og kommenteret af Annemarie.<\/span><\/p>\n<p class=\"\" style=\"text-align: left;\">Fordraget er en skildring, barsk og n\u00f8gtern, om livet p\u00e5 den jyske hede i den sidste halvdel af 1800-tallet. Det er min egen farmor, som blev f\u00f8dt i 1858 og f\u00f8dte 13 b\u00f8rn, hvor af min far var den \u00e6ldste.<\/p>\n<p class=\"lead\" style=\"text-align: left;\"><span style=\"font-size: 19.2px;\">90 min.\u00a0<\/span><span style=\"font-size: 19.2px;\">Pris: 3500 kr. plus transport<\/span><\/p>\n\n<\/div>\n<\/div>\n<\/div>\n<\/div>\n<\/div>\n<div id=\"anmeldelse\" class=\"about-10 content-section content-section-spacing\" style=\"background-color: #ffffff;\" data-label=\"Anmeldelse\" data-id=\"about--3\" data-export-id=\"about-10\" data-category=\"about\">\n<div class=\"gridContainer\">\n<div class=\"row middle-sm text-center\">\n<div class=\"col-sm-5 space-bottom-xs content-column\" data-type=\"column\">\n<h5 class=\"\">OM ANNEMARIES FOREDRAG<\/h5>\n<h2 class=\"\">Endnu en god anmeldelse efter foredraget\n<span style=\"font-family: Playfair Display,sans-serif; font-weight: bold; font-style: italic;\">\u201cfirs, fed og f\u00e6rdig \u2013 eller hvad?\u201d<\/span>\np\u00e5 Lystrup lokalcenter<\/h2>\n<\/div>\n<div class=\"col-sm-7 flexbox middle-xs center-xs space-bottom-xs\">\n<div class=\"overlay-box middle-xs center-xs flexbox\">\n<div class=\"overlay-box-offset offset-border shadow-medium border-color1 hide-xs\"><\/div>\n<img decoding=\"async\" class=\"shadow-large\" title=\"anmeldelse\" src=\"https:\/\/beanland.dk\/wp-content\/uploads\/2023\/02\/cropped-cropped-cropped-cropped-58590403_2135244016594236_1744873843169689600_n-copy.jpg\" alt=\"anmeldelse\" data-size=\"485x705\" \/>\n\n<\/div>\n<\/div>\n<\/div>\n<\/div>\n<\/div>\n<div id=\"kontakt\" class=\"contact-1 content-section content-section-spacing white-text\" style=\"background-color: #f5fafd; background-image: url('https:\/\/beanland.dk\/wp-content\/uploads\/2023\/02\/IMG_1367.jpg'); background-size: cover; background-position: center top;\" data-label=\"Kontakt\" data-id=\"contact--1\" data-export-id=\"contact-1\" data-category=\"contact\" data-parallax-depth=\"20\">\n<div class=\"\">\n<div class=\"row text-center\">\n<div class=\"section-title-col\" data-type=\"column\">\n<h2 class=\"\">Kontakt<\/h2>\n<p class=\"lead\">Telefon: 3024 1595, E-mail: annemariehb@hotmail.com<\/p>\n\n<\/div>\n<\/div>\n<div class=\"row text-center\">\n<div class=\"col-xs-12 col-sm-8 col-sm-offset-2 contact-form-wrapper inline-info\">\n<div class=\"card large-padding\">\n<div class=\"\" data-content-shortcode=\"mesmerize_contact_form shortcode=&quot;wpforms id=&amp;amp;quot;82&amp;amp;quot; title=&amp;amp;quot;false&amp;amp;quot;&quot;\" data-editable=\"true\"><div class=\"wpforms-container wpforms-container-full\" id=\"wpforms-82\"><form id=\"wpforms-form-82\" class=\"wpforms-validate wpforms-form wpforms-ajax-form\" data-formid=\"82\" method=\"post\" enctype=\"multipart\/form-data\" action=\"\/index.php\/wp-json\/wp\/v2\/pages\/5\" data-token=\"360d56ff84d769fd62b57eb73f8e608e\" data-token-time=\"1778147587\"><noscript class=\"wpforms-error-noscript\">Please enable JavaScript in your browser to complete this form.<\/noscript><div class=\"wpforms-field-container\"><div id=\"wpforms-82-field_3-container\" class=\"wpforms-field wpforms-field-text\" data-field-id=\"3\"><label class=\"wpforms-field-label\" for=\"wpforms-82-field_3\">Navn <span class=\"wpforms-required-label\">*<\/span><\/label><input type=\"text\" id=\"wpforms-82-field_3\" class=\"wpforms-field-medium wpforms-field-required\" name=\"wpforms[fields][3]\" required><\/div><div id=\"wpforms-82-field_1-container\" class=\"wpforms-field wpforms-field-email\" data-field-id=\"1\"><label class=\"wpforms-field-label\" for=\"wpforms-82-field_1\">Email <span class=\"wpforms-required-label\">*<\/span><\/label><input type=\"email\" id=\"wpforms-82-field_1\" class=\"wpforms-field-medium wpforms-field-required\" name=\"wpforms[fields][1]\" spellcheck=\"false\" required><\/div><div id=\"wpforms-82-field_2-container\" class=\"wpforms-field wpforms-field-textarea\" data-field-id=\"2\"><label class=\"wpforms-field-label\" for=\"wpforms-82-field_2\">Besked <span class=\"wpforms-required-label\">*<\/span><\/label><textarea id=\"wpforms-82-field_2\" class=\"wpforms-field-medium wpforms-field-required\" name=\"wpforms[fields][2]\" required><\/textarea><\/div><\/div><!-- .wpforms-field-container --><div class=\"wpforms-submit-container\" ><input type=\"hidden\" name=\"wpforms[id]\" value=\"82\"><input type=\"hidden\" name=\"page_title\" value=\"\"><input type=\"hidden\" name=\"page_url\" value=\"https:\/\/beanland.dk\/index.php\/wp-json\/wp\/v2\/pages\/5\"><input type=\"hidden\" name=\"url_referer\" value=\"\"><button type=\"submit\" name=\"wpforms[submit]\" id=\"wpforms-submit-82\" class=\"wpforms-submit\" data-alt-text=\"Sender...\" data-submit-text=\"Send\" aria-live=\"assertive\" value=\"wpforms-submit\">Send<\/button><img loading=\"lazy\" decoding=\"async\" src=\"https:\/\/beanland.dk\/wp-content\/plugins\/wpforms-lite\/assets\/images\/submit-spin.svg\" class=\"wpforms-submit-spinner\" style=\"display: none;\" width=\"26\" height=\"26\" alt=\"Loading\"><\/div><\/form><\/div>  <!-- .wpforms-container --><\/div>\n<\/div>\n<\/div>\n<\/div>\n<\/div>\n<\/div>\n<div class=\"is-layout-constrained wp-block-group\"><\/div>","protected":false},"excerpt":{"rendered":"<p>FRA MILLION\u00c6R TIL?HVORDAN MAN G\u00c5R P\u00c5 R\u2026. UDEN AT SL\u00c5 NUMSEN. \u00a0I foredraget fort\u00e6ller jeg \u00e5bent og \u00e6rligt og med stor humor om mit livs op- og nedture. Se foredrag FIRS, FED OG F\u00c6RDIG- ELLER HVAD? Om at n\u00e6rme sig den \u201c4. alder\u201d! En humoristisk filosoferen over det at blive gammel, pensioneret og FRI. Se&hellip; <br \/> <a class=\"read-more\" href=\"https:\/\/beanland.dk\/\">L\u00e6s mere<\/a><\/p>\n","protected":false},"author":2,"featured_media":0,"parent":0,"menu_order":0,"comment_status":"closed","ping_status":"closed","template":"page-templates\/homepage.php","meta":{"inline_featured_image":false,"footnotes":""},"class_list":["post-5","page","type-page","status-publish","hentry"],"aioseo_notices":[],"_links":{"self":[{"href":"https:\/\/beanland.dk\/index.php\/wp-json\/wp\/v2\/pages\/5","targetHints":{"allow":["GET"]}}],"collection":[{"href":"https:\/\/beanland.dk\/index.php\/wp-json\/wp\/v2\/pages"}],"about":[{"href":"https:\/\/beanland.dk\/index.php\/wp-json\/wp\/v2\/types\/page"}],"author":[{"embeddable":true,"href":"https:\/\/beanland.dk\/index.php\/wp-json\/wp\/v2\/users\/2"}],"replies":[{"embeddable":true,"href":"https:\/\/beanland.dk\/index.php\/wp-json\/wp\/v2\/comments?post=5"}],"version-history":[{"count":73,"href":"https:\/\/beanland.dk\/index.php\/wp-json\/wp\/v2\/pages\/5\/revisions"}],"predecessor-version":[{"id":223,"href":"https:\/\/beanland.dk\/index.php\/wp-json\/wp\/v2\/pages\/5\/revisions\/223"}],"wp:attachment":[{"href":"https:\/\/beanland.dk\/index.php\/wp-json\/wp\/v2\/media?parent=5"}],"curies":[{"name":"wp","href":"https:\/\/api.w.org\/{rel}","templated":true}]}}